{"id":3109,"date":"2025-02-07T15:03:39","date_gmt":"2025-02-07T15:03:39","guid":{"rendered":"https:\/\/www.cenmedia.fr\/?page_id=3109"},"modified":"2025-03-21T13:54:27","modified_gmt":"2025-03-21T13:54:27","slug":"mentions-legales","status":"publish","type":"page","link":"https:\/\/www.cenmedia.fr\/index.php\/mentions-legales\/","title":{"rendered":"Mentions l\u00e9gales"},"content":{"rendered":"\t\t<div data-elementor-type=\"wp-page\" data-elementor-id=\"3109\" class=\"elementor elementor-3109\" data-elementor-post-type=\"page\">\n\t\t\t\t<div class=\"elementor-element elementor-element-7812a0d1 e-flex e-con-boxed e-con e-parent\" data-id=\"7812a0d1\" data-element_type=\"container\">\n\t\t\t\t\t<div class=\"e-con-inner\">\n\t\t<div class=\"elementor-element elementor-element-44be9944 e-con-full e-flex e-con e-child\" data-id=\"44be9944\" data-element_type=\"container\" data-settings=\"{&quot;background_background&quot;:&quot;classic&quot;}\">\n\t\t<div class=\"elementor-element elementor-element-3d86c8fd e-con-full e-flex e-con e-child\" data-id=\"3d86c8fd\" data-element_type=\"container\">\n\t\t<div class=\"elementor-element elementor-element-4733e596 e-con-full animated-fast e-flex elementor-invisible e-con e-child\" data-id=\"4733e596\" data-element_type=\"container\" data-settings=\"{&quot;background_background&quot;:&quot;classic&quot;,&quot;animation&quot;:&quot;fadeInUp&quot;}\">\n\t\t\t\t<\/div>\n\t\t\t\t<div class=\"elementor-element elementor-element-d3fd837 elementor-invisible elementor-widget elementor-widget-heading\" data-id=\"d3fd837\" data-element_type=\"widget\" data-settings=\"{&quot;_animation&quot;:&quot;fadeInUp&quot;}\" data-widget_type=\"heading.default\">\n\t\t\t\t<div class=\"elementor-widget-container\">\n\t\t\t\t\t<h1 class=\"elementor-heading-title elementor-size-default\">Mentions l\u00e9gales<\/h1>\t\t\t\t<\/div>\n\t\t\t\t<\/div>\n\t\t\t\t<\/div>\n\t\t\t\t<\/div>\n\t\t\t\t<div class=\"elementor-element elementor-element-21cc5d61 elementor-align-left elementor-widget elementor-widget-breadcrumbs\" data-id=\"21cc5d61\" data-element_type=\"widget\" data-widget_type=\"breadcrumbs.default\">\n\t\t\t\t<div class=\"elementor-widget-container\">\n\t\t\t\t\t<p id=\"breadcrumbs\"><span><span><a href=\"https:\/\/www.cenmedia.fr\/\">Accueil<\/a><\/span><\/span><\/p>\t\t\t\t<\/div>\n\t\t\t\t<\/div>\n\t\t<div class=\"elementor-element elementor-element-5929252c e-con-full e-flex e-con e-child\" data-id=\"5929252c\" data-element_type=\"container\">\n\t\t<div class=\"elementor-element elementor-element-1d069096 e-con-full e-flex e-con e-child\" data-id=\"1d069096\" data-element_type=\"container\">\n\t\t<div class=\"elementor-element elementor-element-346aa71e e-con-full animated-fast e-flex elementor-invisible e-con e-child\" data-id=\"346aa71e\" data-element_type=\"container\" data-settings=\"{&quot;background_background&quot;:&quot;classic&quot;,&quot;animation&quot;:&quot;fadeInUp&quot;}\">\n\t\t<div class=\"elementor-element elementor-element-58ecfdcf e-con-full expertise-wrapper e-flex e-con e-child\" data-id=\"58ecfdcf\" data-element_type=\"container\" data-settings=\"{&quot;background_background&quot;:&quot;classic&quot;}\">\n\t\t\t\t<div class=\"elementor-element elementor-element-54b3aa98 elementor-widget__width-inherit elementor-invisible elementor-widget elementor-widget-text-editor\" data-id=\"54b3aa98\" data-element_type=\"widget\" data-settings=\"{&quot;_animation&quot;:&quot;fadeInUp&quot;}\" data-widget_type=\"text-editor.default\">\n\t\t\t\t<div class=\"elementor-widget-container\">\n\t\t\t\t\t\t\t\t\t<h5 data-pm-slice=\"1 1 []\"><strong>1. \u00c9diteur du site<\/strong><\/h5><p>Le pr\u00e9sent site cenmedia.fr est \u00e9dit\u00e9 par :<br \/><strong>censervices<\/strong><br \/>229 rue Saint-Honor\u00e9<\/p><p>75001 PARIS<br \/>SIRET 98156728200018<br \/><a href=\"mailto:contact@cenmedia.fr\">contact@cenmedia.fr<\/a><\/p><p>\u00a0<\/p><h5><strong>2. H\u00e9bergement<\/strong><\/h5><p>Le site est h\u00e9berg\u00e9 par :<br \/><strong>KEENTON SAS<\/strong><br \/>A 14 rue Scandicci, Tour ESSOR, 93500 Pantin, France<\/p><p><span style=\"letter-spacing: 0px;\">+33 (0)1.85.09.72.17 \/ <\/span><a style=\"letter-spacing: 0px; background-color: #ffffff;\" href=\"mailto:contact@keenton.com\">contact@keenton.com<\/a> \/ <a href=\"https:\/\/www.keenton.com\" target=\"_blank\" rel=\"noopener\">www.keenton.com<\/a><\/p><p>\u00a0<\/p><h5><strong>3. Propri\u00e9t\u00e9 intellectuelle<\/strong><\/h5><p>L\u2019ensemble du contenu pr\u00e9sent sur ce site (textes, images, logos, etc.) est prot\u00e9g\u00e9 par le droit d\u2019auteur et la propri\u00e9t\u00e9 intellectuelle. Toute reproduction, distribution ou utilisation sans autorisation est interdite.<\/p><p>\u00a0<\/p><h5><strong>4. Protection des donn\u00e9es personnelles<\/strong><\/h5><p>Les informations collect\u00e9es via le formulaire de contact sont trait\u00e9es conform\u00e9ment \u00e0 notre <a>Politique de Confidentialit\u00e9<\/a>. Vous disposez de droits sur vos donn\u00e9es personnelles (acc\u00e8s, modification, suppression). Pour toute demande, contactez-nous \u00e0 <a href=\"mailto:contact@cenmedia.fr\">contact@cenmedia.fr<\/a>.<\/p><p>\u00a0<\/p><h5><strong>5. Cookies<\/strong><\/h5><p>Nous n\u2019utilisons <b>pas de cookies de suivi<\/b>, de <b>publicit\u00e9<\/b> ou autres cookies non n\u00e9cessaires sur ce site. Seuls des cookies strictement n\u00e9cessaires au bon fonctionnement du site peuvent \u00eatre utilis\u00e9s, par exemple pour la gestion des sessions utilisateurs. Ces cookies ne collectent aucune information personnelle et ne n\u00e9cessitent pas de consentement pr\u00e9alable.<\/p><p>\u00a0<\/p><h5><strong>6. Responsabilit\u00e9<\/strong><\/h5><p>Nous nous effor\u00e7ons de fournir des informations exactes et \u00e0 jour, mais nous ne garantissons pas l\u2019exactitude ou l\u2019exhaustivit\u00e9 du contenu publi\u00e9 sur ce site. L\u2019utilisation du site se fait sous votre responsabilit\u00e9.<\/p><p>\u00a0<\/p><h5><strong>7. Droit applicable<\/strong><\/h5><p>Les pr\u00e9sentes mentions l\u00e9gales sont soumises aux lois en vigueur du pays o\u00f9 est bas\u00e9 l\u2019\u00e9diteur du site. En cas de litige, les tribunaux comp\u00e9tents seront ceux du lieu du si\u00e8ge social de l\u2019\u00e9diteur.<\/p>\t\t\t\t\t\t\t\t<\/div>\n\t\t\t\t<\/div>\n\t\t\t\t<\/div>\n\t\t\t\t<\/div>\n\t\t\t\t<\/div>\n\t\t\t\t<\/div>\n\t\t\t\t\t<\/div>\n\t\t\t\t<\/div>\n\t\t\t\t<\/div>\n\t\t","protected":false},"excerpt":{"rendered":"<p>Mentions l\u00e9gales 1. \u00c9diteur du site Le pr\u00e9sent site cenmedia.fr est \u00e9dit\u00e9 par :censervices229 rue Saint-Honor\u00e9 75001 PARISSIRET 98156728200018contact@cenmedia.fr \u00a0 2. H\u00e9bergement Le site est h\u00e9berg\u00e9 par :KEENTON SASA 14 rue Scandicci, Tour ESSOR, 93500 Pantin, France +33 (0)1.85.09.72.17 \/ contact@keenton.com \/ www.keenton.com \u00a0 3. Propri\u00e9t\u00e9 intellectuelle L\u2019ensemble du contenu pr\u00e9sent sur ce site (textes, [&hellip;]<\/p>\n","protected":false},"author":2,"featured_media":0,"parent":0,"menu_order":0,"comment_status":"closed","ping_status":"closed","template":"","meta":{"footnotes":""},"class_list":["post-3109","page","type-page","status-publish","hentry"],"yoast_head":"<!-- This site is optimized with the Yoast SEO plugin v24.8 - https:\/\/yoast.com\/wordpress\/plugins\/seo\/ -->\n<title>Mentions l\u00e9gales - cenmedia<\/title>\n<meta name=\"robots\" content=\"index, follow, max-snippet:-1, max-image-preview:large, max-video-preview:-1\" \/>\n<link rel=\"canonical\" href=\"https:\/\/www.cenmedia.fr\/index.php\/mentions-legales\/\" \/>\n<meta property=\"og:locale\" content=\"fr_FR\" \/>\n<meta property=\"og:type\" content=\"article\" \/>\n<meta property=\"og:title\" content=\"Mentions l\u00e9gales - cenmedia\" \/>\n<meta property=\"og:description\" content=\"Mentions l\u00e9gales 1. \u00c9diteur du site Le pr\u00e9sent site cenmedia.fr est \u00e9dit\u00e9 par :censervices229 rue Saint-Honor\u00e9 75001 PARISSIRET 98156728200018contact@cenmedia.fr \u00a0 2. H\u00e9bergement Le site est h\u00e9berg\u00e9 par :KEENTON SASA 14 rue Scandicci, Tour ESSOR, 93500 Pantin, France +33 (0)1.85.09.72.17 \/ contact@keenton.com \/ www.keenton.com \u00a0 3. Propri\u00e9t\u00e9 intellectuelle L\u2019ensemble du contenu pr\u00e9sent sur ce site (textes, [&hellip;]\" \/>\n<meta property=\"og:url\" content=\"https:\/\/www.cenmedia.fr\/index.php\/mentions-legales\/\" \/>\n<meta property=\"og:site_name\" content=\"cenmedia\" \/>\n<meta property=\"article:modified_time\" content=\"2025-03-21T13:54:27+00:00\" \/>\n<meta name=\"twitter:card\" content=\"summary_large_image\" \/>\n<meta name=\"twitter:label1\" content=\"Dur\u00e9e de lecture estim\u00e9e\" \/>\n\t<meta name=\"twitter:data1\" content=\"2 minutes\" \/>\n<script type=\"application\/ld+json\" class=\"yoast-schema-graph\">{\"@context\":\"https:\/\/schema.org\",\"@graph\":[{\"@type\":\"WebPage\",\"@id\":\"https:\/\/www.cenmedia.fr\/index.php\/mentions-legales\/\",\"url\":\"https:\/\/www.cenmedia.fr\/index.php\/mentions-legales\/\",\"name\":\"Mentions l\u00e9gales - cenmedia\",\"isPartOf\":{\"@id\":\"https:\/\/www.cenmedia.fr\/#website\"},\"datePublished\":\"2025-02-07T15:03:39+00:00\",\"dateModified\":\"2025-03-21T13:54:27+00:00\",\"breadcrumb\":{\"@id\":\"https:\/\/www.cenmedia.fr\/index.php\/mentions-legales\/#breadcrumb\"},\"inLanguage\":\"fr-FR\",\"potentialAction\":[{\"@type\":\"ReadAction\",\"target\":[\"https:\/\/www.cenmedia.fr\/index.php\/mentions-legales\/\"]}]},{\"@type\":\"BreadcrumbList\",\"@id\":\"https:\/\/www.cenmedia.fr\/index.php\/mentions-legales\/#breadcrumb\",\"itemListElement\":[{\"@type\":\"ListItem\",\"position\":1,\"name\":\"Accueil\",\"item\":\"https:\/\/www.cenmedia.fr\/\"},{\"@type\":\"ListItem\",\"position\":2,\"name\":\"Mentions l\u00e9gales\"}]},{\"@type\":\"WebSite\",\"@id\":\"https:\/\/www.cenmedia.fr\/#website\",\"url\":\"https:\/\/www.cenmedia.fr\/\",\"name\":\"cenmedia\",\"description\":\"cenmedia - La plateforme d&#039;\u00e9dition pl\u00e9biscit\u00e9e par sues utilisateurs\",\"publisher\":{\"@id\":\"https:\/\/www.cenmedia.fr\/#organization\"},\"potentialAction\":[{\"@type\":\"SearchAction\",\"target\":{\"@type\":\"EntryPoint\",\"urlTemplate\":\"https:\/\/www.cenmedia.fr\/?s={search_term_string}\"},\"query-input\":{\"@type\":\"PropertyValueSpecification\",\"valueRequired\":true,\"valueName\":\"search_term_string\"}}],\"inLanguage\":\"fr-FR\"},{\"@type\":\"Organization\",\"@id\":\"https:\/\/www.cenmedia.fr\/#organization\",\"name\":\"cenmedia\",\"url\":\"https:\/\/www.cenmedia.fr\/\",\"logo\":{\"@type\":\"ImageObject\",\"inLanguage\":\"fr-FR\",\"@id\":\"https:\/\/www.cenmedia.fr\/#\/schema\/logo\/image\/\",\"url\":\"https:\/\/www.cenmedia.fr\/wp-content\/uploads\/2025\/03\/Logo-cenmedia-RVB-v2.png\",\"contentUrl\":\"https:\/\/www.cenmedia.fr\/wp-content\/uploads\/2025\/03\/Logo-cenmedia-RVB-v2.png\",\"width\":600,\"height\":164,\"caption\":\"cenmedia\"},\"image\":{\"@id\":\"https:\/\/www.cenmedia.fr\/#\/schema\/logo\/image\/\"}}]}<\/script>\n<!-- \/ Yoast SEO plugin. -->","yoast_head_json":{"title":"Mentions l\u00e9gales - cenmedia","robots":{"index":"index","follow":"follow","max-snippet":"max-snippet:-1","max-image-preview":"max-image-preview:large","max-video-preview":"max-video-preview:-1"},"canonical":"https:\/\/www.cenmedia.fr\/index.php\/mentions-legales\/","og_locale":"fr_FR","og_type":"article","og_title":"Mentions l\u00e9gales - cenmedia","og_description":"Mentions l\u00e9gales 1. \u00c9diteur du site Le pr\u00e9sent site cenmedia.fr est \u00e9dit\u00e9 par :censervices229 rue Saint-Honor\u00e9 75001 PARISSIRET 98156728200018contact@cenmedia.fr \u00a0 2. H\u00e9bergement Le site est h\u00e9berg\u00e9 par :KEENTON SASA 14 rue Scandicci, Tour ESSOR, 93500 Pantin, France +33 (0)1.85.09.72.17 \/ contact@keenton.com \/ www.keenton.com \u00a0 3. Propri\u00e9t\u00e9 intellectuelle L\u2019ensemble du contenu pr\u00e9sent sur ce site (textes, [&hellip;]","og_url":"https:\/\/www.cenmedia.fr\/index.php\/mentions-legales\/","og_site_name":"cenmedia","article_modified_time":"2025-03-21T13:54:27+00:00","twitter_card":"summary_large_image","twitter_misc":{"Dur\u00e9e de lecture estim\u00e9e":"2 minutes"},"schema":{"@context":"https:\/\/schema.org","@graph":[{"@type":"WebPage","@id":"https:\/\/www.cenmedia.fr\/index.php\/mentions-legales\/","url":"https:\/\/www.cenmedia.fr\/index.php\/mentions-legales\/","name":"Mentions l\u00e9gales - cenmedia","isPartOf":{"@id":"https:\/\/www.cenmedia.fr\/#website"},"datePublished":"2025-02-07T15:03:39+00:00","dateModified":"2025-03-21T13:54:27+00:00","breadcrumb":{"@id":"https:\/\/www.cenmedia.fr\/index.php\/mentions-legales\/#breadcrumb"},"inLanguage":"fr-FR","potentialAction":[{"@type":"ReadAction","target":["https:\/\/www.cenmedia.fr\/index.php\/mentions-legales\/"]}]},{"@type":"BreadcrumbList","@id":"https:\/\/www.cenmedia.fr\/index.php\/mentions-legales\/#breadcrumb","itemListElement":[{"@type":"ListItem","position":1,"name":"Accueil","item":"https:\/\/www.cenmedia.fr\/"},{"@type":"ListItem","position":2,"name":"Mentions l\u00e9gales"}]},{"@type":"WebSite","@id":"https:\/\/www.cenmedia.fr\/#website","url":"https:\/\/www.cenmedia.fr\/","name":"cenmedia","description":"cenmedia - La plateforme d&#039;\u00e9dition pl\u00e9biscit\u00e9e par sues utilisateurs","publisher":{"@id":"https:\/\/www.cenmedia.fr\/#organization"},"potentialAction":[{"@type":"SearchAction","target":{"@type":"EntryPoint","urlTemplate":"https:\/\/www.cenmedia.fr\/?s={search_term_string}"},"query-input":{"@type":"PropertyValueSpecification","valueRequired":true,"valueName":"search_term_string"}}],"inLanguage":"fr-FR"},{"@type":"Organization","@id":"https:\/\/www.cenmedia.fr\/#organization","name":"cenmedia","url":"https:\/\/www.cenmedia.fr\/","logo":{"@type":"ImageObject","inLanguage":"fr-FR","@id":"https:\/\/www.cenmedia.fr\/#\/schema\/logo\/image\/","url":"https:\/\/www.cenmedia.fr\/wp-content\/uploads\/2025\/03\/Logo-cenmedia-RVB-v2.png","contentUrl":"https:\/\/www.cenmedia.fr\/wp-content\/uploads\/2025\/03\/Logo-cenmedia-RVB-v2.png","width":600,"height":164,"caption":"cenmedia"},"image":{"@id":"https:\/\/www.cenmedia.fr\/#\/schema\/logo\/image\/"}}]}},"_links":{"self":[{"href":"https:\/\/www.cenmedia.fr\/index.php\/wp-json\/wp\/v2\/pages\/3109","targetHints":{"allow":["GET"]}}],"collection":[{"href":"https:\/\/www.cenmedia.fr\/index.php\/wp-json\/wp\/v2\/pages"}],"about":[{"href":"https:\/\/www.cenmedia.fr\/index.php\/wp-json\/wp\/v2\/types\/page"}],"author":[{"embeddable":true,"href":"https:\/\/www.cenmedia.fr\/index.php\/wp-json\/wp\/v2\/users\/2"}],"replies":[{"embeddable":true,"href":"https:\/\/www.cenmedia.fr\/index.php\/wp-json\/wp\/v2\/comments?post=3109"}],"version-history":[{"count":37,"href":"https:\/\/www.cenmedia.fr\/index.php\/wp-json\/wp\/v2\/pages\/3109\/revisions"}],"predecessor-version":[{"id":3479,"href":"https:\/\/www.cenmedia.fr\/index.php\/wp-json\/wp\/v2\/pages\/3109\/revisions\/3479"}],"wp:attachment":[{"href":"https:\/\/www.cenmedia.fr\/index.php\/wp-json\/wp\/v2\/media?parent=3109"}],"curies":[{"name":"wp","href":"https:\/\/api.w.org\/{rel}","templated":true}]}}