{"id":2292,"date":"2025-01-28T16:40:56","date_gmt":"2025-01-28T16:40:56","guid":{"rendered":"https:\/\/www.cenmedia.fr\/?page_id=2292"},"modified":"2025-03-26T20:02:19","modified_gmt":"2025-03-26T20:02:19","slug":"contactez-nous","status":"publish","type":"page","link":"https:\/\/www.cenmedia.fr\/index.php\/contactez-nous\/","title":{"rendered":"Contact"},"content":{"rendered":"\t\t<div data-elementor-type=\"wp-page\" data-elementor-id=\"2292\" class=\"elementor elementor-2292\" data-elementor-post-type=\"page\">\n\t\t\t\t<div class=\"elementor-element elementor-element-abcf513 e-flex e-con-boxed e-con e-parent\" data-id=\"abcf513\" data-element_type=\"container\">\n\t\t\t\t\t<div class=\"e-con-inner\">\n\t\t<div class=\"elementor-element elementor-element-7782272 e-con-full e-flex e-con e-child\" data-id=\"7782272\" data-element_type=\"container\" data-settings=\"{&quot;background_background&quot;:&quot;classic&quot;}\">\n\t\t<div class=\"elementor-element elementor-element-db213e3 e-con-full e-flex e-con e-child\" data-id=\"db213e3\" data-element_type=\"container\">\n\t\t<div class=\"elementor-element elementor-element-4c51a5c e-con-full e-flex e-con e-child\" data-id=\"4c51a5c\" data-element_type=\"container\">\n\t\t\t\t<div class=\"elementor-element elementor-element-287f6c3 elementor-widget-mobile__width-inherit elementor-invisible elementor-widget elementor-widget-text-editor\" data-id=\"287f6c3\" data-element_type=\"widget\" data-settings=\"{&quot;_animation&quot;:&quot;fadeInLeft&quot;}\" data-widget_type=\"text-editor.default\">\n\t\t\t\t<div class=\"elementor-widget-container\">\n\t\t\t\t\t\t\t\t\t<p>Contactez-nous<\/p>\t\t\t\t\t\t\t\t<\/div>\n\t\t\t\t<\/div>\n\t\t\t\t<\/div>\n\t\t<div class=\"elementor-element elementor-element-233b92e e-con-full animated-slow e-flex elementor-invisible e-con e-child\" data-id=\"233b92e\" data-element_type=\"container\" data-settings=\"{&quot;animation&quot;:&quot;fadeInRight&quot;}\">\n\t\t\t\t<div class=\"elementor-element elementor-element-85ad111 elementor-widget elementor-widget-image\" data-id=\"85ad111\" data-element_type=\"widget\" data-widget_type=\"image.default\">\n\t\t\t\t<div class=\"elementor-widget-container\">\n\t\t\t\t\t\t\t\t\t\t\t\t\t\t\t<img fetchpriority=\"high\" decoding=\"async\" width=\"768\" height=\"426\" src=\"https:\/\/www.cenmedia.fr\/wp-content\/uploads\/2025\/01\/banner-contact-768x426.png\" class=\"attachment-medium_large size-medium_large wp-image-2305\" alt=\"\" srcset=\"https:\/\/www.cenmedia.fr\/wp-content\/uploads\/2025\/01\/banner-contact-768x426.png 768w, https:\/\/www.cenmedia.fr\/wp-content\/uploads\/2025\/01\/banner-contact-300x166.png 300w, https:\/\/www.cenmedia.fr\/wp-content\/uploads\/2025\/01\/banner-contact.png 946w\" sizes=\"(max-width: 768px) 100vw, 768px\" \/>\t\t\t\t\t\t\t\t\t\t\t\t\t\t\t<\/div>\n\t\t\t\t<\/div>\n\t\t\t\t<\/div>\n\t\t\t\t<\/div>\n\t\t\t\t<\/div>\n\t\t\t\t<div class=\"elementor-element elementor-element-8b4bba1 elementor-align-left elementor-widget elementor-widget-breadcrumbs\" data-id=\"8b4bba1\" data-element_type=\"widget\" data-widget_type=\"breadcrumbs.default\">\n\t\t\t\t<div class=\"elementor-widget-container\">\n\t\t\t\t\t<p id=\"breadcrumbs\"><span><span><a href=\"https:\/\/www.cenmedia.fr\/\">Accueil<\/a><\/span><\/span><\/p>\t\t\t\t<\/div>\n\t\t\t\t<\/div>\n\t\t<div class=\"elementor-element elementor-element-2cff852 e-con-full e-flex e-con e-child\" data-id=\"2cff852\" data-element_type=\"container\">\n\t\t<div class=\"elementor-element elementor-element-db021cf e-con-full e-flex e-con e-child\" data-id=\"db021cf\" data-element_type=\"container\">\n\t\t<div class=\"elementor-element elementor-element-cb933b0 e-grid e-con-full e-con e-child\" data-id=\"cb933b0\" data-element_type=\"container\">\n\t\t<div class=\"elementor-element elementor-element-f0260de e-con-full contact-wrap e-flex elementor-invisible e-con e-child\" data-id=\"f0260de\" data-element_type=\"container\" data-settings=\"{&quot;background_background&quot;:&quot;classic&quot;,&quot;animation&quot;:&quot;fadeInUp&quot;}\">\n\t\t\t\t<div class=\"elementor-element elementor-element-54bb47b elementor-widget__width-initial elementor-widget-tablet__width-initial elementor-invisible elementor-widget elementor-widget-text-editor\" data-id=\"54bb47b\" data-element_type=\"widget\" data-settings=\"{&quot;_animation&quot;:&quot;fadeInUp&quot;}\" data-widget_type=\"text-editor.default\">\n\t\t\t\t<div class=\"elementor-widget-container\">\n\t\t\t\t\t\t\t\t\t<p style=\"text-align: center;\"><strong>Contact <span style=\"color: #3bbaf6;\">technique<\/span><\/strong><\/p>\t\t\t\t\t\t\t\t<\/div>\n\t\t\t\t<\/div>\n\t\t\t\t<div class=\"elementor-element elementor-element-cbd5350 elementor-widget elementor-widget-image\" data-id=\"cbd5350\" data-element_type=\"widget\" data-widget_type=\"image.default\">\n\t\t\t\t<div class=\"elementor-widget-container\">\n\t\t\t\t\t\t\t\t\t\t\t\t\t\t\t<img decoding=\"async\" width=\"167\" height=\"166\" src=\"https:\/\/www.cenmedia.fr\/wp-content\/uploads\/2025\/01\/olivier-lasserre.png\" class=\"attachment-large size-large wp-image-2315\" alt=\"\" srcset=\"https:\/\/www.cenmedia.fr\/wp-content\/uploads\/2025\/01\/olivier-lasserre.png 167w, https:\/\/www.cenmedia.fr\/wp-content\/uploads\/2025\/01\/olivier-lasserre-150x150.png 150w\" sizes=\"(max-width: 167px) 100vw, 167px\" \/>\t\t\t\t\t\t\t\t\t\t\t\t\t\t\t<\/div>\n\t\t\t\t<\/div>\n\t\t\t\t<div class=\"elementor-element elementor-element-951458a elementor-widget__width-initial elementor-widget-tablet__width-initial elementor-invisible elementor-widget elementor-widget-text-editor\" data-id=\"951458a\" data-element_type=\"widget\" data-settings=\"{&quot;_animation&quot;:&quot;fadeInUp&quot;}\" data-widget_type=\"text-editor.default\">\n\t\t\t\t<div class=\"elementor-widget-container\">\n\t\t\t\t\t\t\t\t\t<p style=\"text-align: center;\"><strong><span style=\"color: #3bbaf6;\">Olivier <\/span>Lasserre<\/strong><\/p>\t\t\t\t\t\t\t\t<\/div>\n\t\t\t\t<\/div>\n\t\t\t\t<div class=\"elementor-element elementor-element-4d38956 elementor-widget__width-inherit elementor-invisible elementor-widget elementor-widget-text-editor\" data-id=\"4d38956\" data-element_type=\"widget\" data-settings=\"{&quot;_animation&quot;:&quot;fadeInUp&quot;}\" data-widget_type=\"text-editor.default\">\n\t\t\t\t<div class=\"elementor-widget-container\">\n\t\t\t\t\t\t\t\t\t<p>Tel. : +33 6 21 56 05 97<\/p><p>Mail : <a href=\"mailto:olivier.lasserre@cenmedia.fr\">olivier.lasserre@cenmedia.fr<\/a><\/p>\t\t\t\t\t\t\t\t<\/div>\n\t\t\t\t<\/div>\n\t\t\t\t<\/div>\n\t\t<div class=\"elementor-element elementor-element-6d3a3e2 e-con-full contact-wrap e-flex elementor-invisible e-con e-child\" data-id=\"6d3a3e2\" data-element_type=\"container\" data-settings=\"{&quot;background_background&quot;:&quot;classic&quot;,&quot;animation&quot;:&quot;fadeInUp&quot;}\">\n\t\t\t\t<div class=\"elementor-element elementor-element-3f996e4 elementor-widget__width-initial elementor-widget-tablet__width-initial elementor-invisible elementor-widget elementor-widget-text-editor\" data-id=\"3f996e4\" data-element_type=\"widget\" data-settings=\"{&quot;_animation&quot;:&quot;fadeInUp&quot;}\" data-widget_type=\"text-editor.default\">\n\t\t\t\t<div class=\"elementor-widget-container\">\n\t\t\t\t\t\t\t\t\t<p style=\"text-align: center;\"><strong>Contact <span style=\"color: #3bbaf6;\">commercial<\/span><\/strong><\/p>\t\t\t\t\t\t\t\t<\/div>\n\t\t\t\t<\/div>\n\t\t\t\t<div class=\"elementor-element elementor-element-199d089 elementor-widget elementor-widget-image\" data-id=\"199d089\" data-element_type=\"widget\" data-widget_type=\"image.default\">\n\t\t\t\t<div class=\"elementor-widget-container\">\n\t\t\t\t\t\t\t\t\t\t\t\t\t\t\t<img decoding=\"async\" width=\"167\" height=\"166\" src=\"https:\/\/www.cenmedia.fr\/wp-content\/uploads\/2025\/01\/laurent-clementini.png\" class=\"attachment-large size-large wp-image-2314\" alt=\"\" srcset=\"https:\/\/www.cenmedia.fr\/wp-content\/uploads\/2025\/01\/laurent-clementini.png 167w, https:\/\/www.cenmedia.fr\/wp-content\/uploads\/2025\/01\/laurent-clementini-150x150.png 150w\" sizes=\"(max-width: 167px) 100vw, 167px\" \/>\t\t\t\t\t\t\t\t\t\t\t\t\t\t\t<\/div>\n\t\t\t\t<\/div>\n\t\t\t\t<div class=\"elementor-element elementor-element-c3ca31c elementor-widget__width-initial elementor-widget-tablet__width-initial elementor-invisible elementor-widget elementor-widget-text-editor\" data-id=\"c3ca31c\" data-element_type=\"widget\" data-settings=\"{&quot;_animation&quot;:&quot;fadeInUp&quot;}\" data-widget_type=\"text-editor.default\">\n\t\t\t\t<div class=\"elementor-widget-container\">\n\t\t\t\t\t\t\t\t\t<p style=\"text-align: center;\"><strong><span style=\"color: #3bbaf6;\">Laurent <\/span>Cl\u00e9mentini<\/strong><\/p>\t\t\t\t\t\t\t\t<\/div>\n\t\t\t\t<\/div>\n\t\t\t\t<div class=\"elementor-element elementor-element-eaa1366 elementor-widget__width-inherit elementor-invisible elementor-widget elementor-widget-text-editor\" data-id=\"eaa1366\" data-element_type=\"widget\" data-settings=\"{&quot;_animation&quot;:&quot;fadeInUp&quot;}\" data-widget_type=\"text-editor.default\">\n\t\t\t\t<div class=\"elementor-widget-container\">\n\t\t\t\t\t\t\t\t\t<p>Tel. : +33 6 10 201 281<\/p><p>Mail : <a href=\"mailto:laurent.clementini@cenmedia.fr\">laurent.clementini@cenmedia.fr<\/a><\/p>\t\t\t\t\t\t\t\t<\/div>\n\t\t\t\t<\/div>\n\t\t\t\t<\/div>\n\t\t\t\t<\/div>\n\t\t\t\t<div class=\"elementor-element elementor-element-1063f7d elementor-headline--style-rotate elementor-widget__width-inherit elementor-widget elementor-widget-animated-headline\" data-id=\"1063f7d\" data-element_type=\"widget\" data-settings=\"{&quot;headline_style&quot;:&quot;rotate&quot;,&quot;animation_type&quot;:&quot;clip&quot;,&quot;rotating_text&quot;:&quot;Une r\\u00e9flexion \\u00e0 partager ?\\nUn projet \\u00e0 venir ?\\nDe la veille techno ?&quot;,&quot;rotate_iteration_delay&quot;:3000,&quot;loop&quot;:&quot;yes&quot;}\" data-widget_type=\"animated-headline.default\">\n\t\t\t\t<div class=\"elementor-widget-container\">\n\t\t\t\t\t\t\t<h3 class=\"elementor-headline elementor-headline-animation-type-clip\">\n\t\t\t\t<span class=\"elementor-headline-dynamic-wrapper elementor-headline-text-wrapper\">\n\t\t\t\t\t<span class=\"elementor-headline-dynamic-text elementor-headline-text-active\">\n\t\t\t\tUne&nbsp;r\u00e9flexion&nbsp;\u00e0&nbsp;partager&nbsp;?\t\t\t<\/span>\n\t\t\t\t\t<span class=\"elementor-headline-dynamic-text\">\n\t\t\t\tUn&nbsp;projet&nbsp;\u00e0&nbsp;venir&nbsp;?\t\t\t<\/span>\n\t\t\t\t\t<span class=\"elementor-headline-dynamic-text\">\n\t\t\t\tDe&nbsp;la&nbsp;veille&nbsp;techno&nbsp;?\t\t\t<\/span>\n\t\t\t\t\t\t<\/span>\n\t\t\t\t<\/h3>\n\t\t\t\t\t\t<\/div>\n\t\t\t\t<\/div>\n\t\t\t\t<div class=\"elementor-element elementor-element-ced5df1 elementor-button-align-center elementor-mobile-button-align-stretch elementor-invisible elementor-widget elementor-widget-form\" data-id=\"ced5df1\" data-element_type=\"widget\" data-settings=\"{&quot;step_next_label&quot;:&quot;Suivant&quot;,&quot;step_previous_label&quot;:&quot;Pr\\u00e9c\\u00e9dent&quot;,&quot;_animation&quot;:&quot;fadeInUp&quot;,&quot;button_width_mobile&quot;:&quot;100&quot;,&quot;step_type&quot;:&quot;number_text&quot;,&quot;step_icon_shape&quot;:&quot;circle&quot;}\" data-widget_type=\"form.default\">\n\t\t\t\t<div class=\"elementor-widget-container\">\n\t\t\t\t\t\t\t<form class=\"elementor-form\" method=\"post\" name=\"Contactez-nous\">\n\t\t\t<input type=\"hidden\" name=\"post_id\" value=\"2292\"\/>\n\t\t\t<input type=\"hidden\" name=\"form_id\" value=\"ced5df1\"\/>\n\t\t\t<input type=\"hidden\" name=\"referer_title\" value=\"Contact - cenmedia\" \/>\n\n\t\t\t\t\t\t\t<input type=\"hidden\" name=\"queried_id\" value=\"2292\"\/>\n\t\t\t\n\t\t\t<div class=\"elementor-form-fields-wrapper elementor-labels-above\">\n\t\t\t\t\t\t\t\t<div class=\"elementor-field-type-text elementor-field-group elementor-column elementor-field-group-name elementor-col-50 elementor-field-required elementor-mark-required\">\n\t\t\t\t\t\t\t\t\t\t\t\t<label for=\"form-field-name\" class=\"elementor-field-label\">\n\t\t\t\t\t\t\t\tPr\u00e9nom Nom\t\t\t\t\t\t\t<\/label>\n\t\t\t\t\t\t\t\t\t\t\t\t\t\t<input size=\"1\" type=\"text\" name=\"form_fields[name]\" id=\"form-field-name\" class=\"elementor-field elementor-size-sm  elementor-field-textual\" required=\"required\">\n\t\t\t\t\t\t\t\t\t\t\t<\/div>\n\t\t\t\t\t\t\t\t<div class=\"elementor-field-type-text elementor-field-group elementor-column elementor-field-group-field_1e18676 elementor-col-50\">\n\t\t\t\t\t\t\t\t\t\t\t\t<label for=\"form-field-field_1e18676\" class=\"elementor-field-label\">\n\t\t\t\t\t\t\t\tFonction\t\t\t\t\t\t\t<\/label>\n\t\t\t\t\t\t\t\t\t\t\t\t\t\t<input size=\"1\" type=\"text\" name=\"form_fields[field_1e18676]\" id=\"form-field-field_1e18676\" class=\"elementor-field elementor-size-sm  elementor-field-textual\">\n\t\t\t\t\t\t\t\t\t\t\t<\/div>\n\t\t\t\t\t\t\t\t<div class=\"elementor-field-type-email elementor-field-group elementor-column elementor-field-group-field_d4115c4 elementor-col-50 elementor-field-required elementor-mark-required\">\n\t\t\t\t\t\t\t\t\t\t\t\t<label for=\"form-field-field_d4115c4\" class=\"elementor-field-label\">\n\t\t\t\t\t\t\t\tE-mail\t\t\t\t\t\t\t<\/label>\n\t\t\t\t\t\t\t\t\t\t\t\t\t\t<input size=\"1\" type=\"email\" name=\"form_fields[field_d4115c4]\" id=\"form-field-field_d4115c4\" class=\"elementor-field elementor-size-sm  elementor-field-textual\" required=\"required\">\n\t\t\t\t\t\t\t\t\t\t\t<\/div>\n\t\t\t\t\t\t\t\t<div class=\"elementor-field-type-text elementor-field-group elementor-column elementor-field-group-field_74384fc elementor-col-50 elementor-field-required elementor-mark-required\">\n\t\t\t\t\t\t\t\t\t\t\t\t<label for=\"form-field-field_74384fc\" class=\"elementor-field-label\">\n\t\t\t\t\t\t\t\tObjet\t\t\t\t\t\t\t<\/label>\n\t\t\t\t\t\t\t\t\t\t\t\t\t\t<input size=\"1\" type=\"text\" name=\"form_fields[field_74384fc]\" id=\"form-field-field_74384fc\" class=\"elementor-field elementor-size-sm  elementor-field-textual\" required=\"required\">\n\t\t\t\t\t\t\t\t\t\t\t<\/div>\n\t\t\t\t\t\t\t\t<div class=\"elementor-field-type-textarea elementor-field-group elementor-column elementor-field-group-message elementor-col-100 elementor-field-required elementor-mark-required\">\n\t\t\t\t\t\t\t\t\t\t\t\t<label for=\"form-field-message\" class=\"elementor-field-label\">\n\t\t\t\t\t\t\t\tMessage\t\t\t\t\t\t\t<\/label>\n\t\t\t\t\t\t<textarea class=\"elementor-field-textual elementor-field  elementor-size-sm\" name=\"form_fields[message]\" id=\"form-field-message\" rows=\"7\" required=\"required\"><\/textarea>\t\t\t\t<\/div>\n\t\t\t\t\t\t\t\t<div class=\"elementor-field-type-text\">\n\t\t\t\t\t<input size=\"1\" type=\"text\" name=\"form_fields[field_98b952d]\" id=\"form-field-field_98b952d\" class=\"elementor-field elementor-size-sm \" style=\"display:none !important;\">\t\t\t\t<\/div>\n\t\t\t\t\t\t\t\t<div class=\"elementor-field-group elementor-column elementor-field-type-submit elementor-col-100 e-form__buttons elementor-sm-100\">\n\t\t\t\t\t<button class=\"elementor-button elementor-size-sm\" type=\"submit\">\n\t\t\t\t\t\t<span class=\"elementor-button-content-wrapper\">\n\t\t\t\t\t\t\t\t\t\t\t\t\t\t\t\t\t\t\t\t\t\t<span class=\"elementor-button-text\">Envoyer<\/span>\n\t\t\t\t\t\t\t\t\t\t\t\t\t<\/span>\n\t\t\t\t\t<\/button>\n\t\t\t\t<\/div>\n\t\t\t<\/div>\n\t\t<\/form>\n\t\t\t\t\t\t<\/div>\n\t\t\t\t<\/div>\n\t\t\t\t<div class=\"elementor-element elementor-element-110f93a elementor-widget__width-inherit contact-wrap elementor-invisible elementor-widget elementor-widget-text-editor\" data-id=\"110f93a\" data-element_type=\"widget\" data-settings=\"{&quot;_animation&quot;:&quot;fadeInUp&quot;}\" data-widget_type=\"text-editor.default\">\n\t\t\t\t<div class=\"elementor-widget-container\">\n\t\t\t\t\t\t\t\t\t<p>*Champs obligatoires<\/p><p>\u00a0<\/p><p>Les informations recueillies sur ce formulaire sont enregistr\u00e9es dans un fichier informatis\u00e9 et g\u00e9r\u00e9 par cenmedia pour la gestion de nos prospects et de notre client\u00e8le. Elles sont conserv\u00e9es pendant 3 ans et sont destin\u00e9es au service marketing.<\/p><p>\u00a0<\/p><p>Conform\u00e9ment \u00e0 la loi \u00ab informatique et libert\u00e9s \u00bb, vous pouvez exercer votre droit d\u2019acc\u00e8s aux donn\u00e9es vous concernant et les faire rectifier en nous contactant \u00e0 l\u2019adresse \u00e9lectronique suivante : <a href=\"mailto:contact@cenmedia.fr\">contact@cenmedia.fr<\/a>.<\/p>\t\t\t\t\t\t\t\t<\/div>\n\t\t\t\t<\/div>\n\t\t\t\t<\/div>\n\t\t\t\t<\/div>\n\t\t\t\t\t<\/div>\n\t\t\t\t<\/div>\n\t\t\t\t<\/div>\n\t\t","protected":false},"excerpt":{"rendered":"<p>Contactez-nous Contact technique Olivier Lasserre Tel. : +33 6 21 56 05 97 Mail : olivier.lasserre@cenmedia.fr Contact commercial Laurent Cl\u00e9mentini Tel. : +33 6 10 201 281 Mail : laurent.clementini@cenmedia.fr Une&nbsp;r\u00e9flexion&nbsp;\u00e0&nbsp;partager&nbsp;? Un&nbsp;projet&nbsp;\u00e0&nbsp;venir&nbsp;? De&nbsp;la&nbsp;veille&nbsp;techno&nbsp;? *Champs obligatoires \u00a0 Les informations recueillies sur ce formulaire sont enregistr\u00e9es dans un fichier informatis\u00e9 et g\u00e9r\u00e9 par cenmedia pour la gestion [&hellip;]<\/p>\n","protected":false},"author":2,"featured_media":0,"parent":0,"menu_order":0,"comment_status":"closed","ping_status":"closed","template":"","meta":{"footnotes":""},"class_list":["post-2292","page","type-page","status-publish","hentry"],"yoast_head":"<!-- This site is optimized with the Yoast SEO plugin v24.8 - https:\/\/yoast.com\/wordpress\/plugins\/seo\/ -->\n<title>Contact - cenmedia<\/title>\n<meta name=\"robots\" content=\"index, follow, max-snippet:-1, max-image-preview:large, max-video-preview:-1\" \/>\n<link rel=\"canonical\" href=\"https:\/\/www.cenmedia.fr\/index.php\/contactez-nous\/\" \/>\n<meta property=\"og:locale\" content=\"fr_FR\" \/>\n<meta property=\"og:type\" content=\"article\" \/>\n<meta property=\"og:title\" content=\"Contact - cenmedia\" \/>\n<meta property=\"og:description\" content=\"Contactez-nous Contact technique Olivier Lasserre Tel. : +33 6 21 56 05 97 Mail : olivier.lasserre@cenmedia.fr Contact commercial Laurent Cl\u00e9mentini Tel. : +33 6 10 201 281 Mail : laurent.clementini@cenmedia.fr Une&nbsp;r\u00e9flexion&nbsp;\u00e0&nbsp;partager&nbsp;? Un&nbsp;projet&nbsp;\u00e0&nbsp;venir&nbsp;? De&nbsp;la&nbsp;veille&nbsp;techno&nbsp;? *Champs obligatoires \u00a0 Les informations recueillies sur ce formulaire sont enregistr\u00e9es dans un fichier informatis\u00e9 et g\u00e9r\u00e9 par cenmedia pour la gestion [&hellip;]\" \/>\n<meta property=\"og:url\" content=\"https:\/\/www.cenmedia.fr\/index.php\/contactez-nous\/\" \/>\n<meta property=\"og:site_name\" content=\"cenmedia\" \/>\n<meta property=\"article:modified_time\" content=\"2025-03-26T20:02:19+00:00\" \/>\n<meta property=\"og:image\" content=\"https:\/\/www.cenmedia.fr\/wp-content\/uploads\/2025\/01\/banner-contact.png\" \/>\n\t<meta property=\"og:image:width\" content=\"946\" \/>\n\t<meta property=\"og:image:height\" content=\"525\" \/>\n\t<meta property=\"og:image:type\" content=\"image\/png\" \/>\n<meta name=\"twitter:card\" content=\"summary_large_image\" \/>\n<meta name=\"twitter:label1\" content=\"Dur\u00e9e de lecture estim\u00e9e\" \/>\n\t<meta name=\"twitter:data1\" content=\"2 minutes\" \/>\n<script type=\"application\/ld+json\" class=\"yoast-schema-graph\">{\"@context\":\"https:\/\/schema.org\",\"@graph\":[{\"@type\":\"WebPage\",\"@id\":\"https:\/\/www.cenmedia.fr\/index.php\/contactez-nous\/\",\"url\":\"https:\/\/www.cenmedia.fr\/index.php\/contactez-nous\/\",\"name\":\"Contact - cenmedia\",\"isPartOf\":{\"@id\":\"https:\/\/www.cenmedia.fr\/#website\"},\"primaryImageOfPage\":{\"@id\":\"https:\/\/www.cenmedia.fr\/index.php\/contactez-nous\/#primaryimage\"},\"image\":{\"@id\":\"https:\/\/www.cenmedia.fr\/index.php\/contactez-nous\/#primaryimage\"},\"thumbnailUrl\":\"https:\/\/www.cenmedia.fr\/wp-content\/uploads\/2025\/01\/banner-contact-768x426.png\",\"datePublished\":\"2025-01-28T16:40:56+00:00\",\"dateModified\":\"2025-03-26T20:02:19+00:00\",\"breadcrumb\":{\"@id\":\"https:\/\/www.cenmedia.fr\/index.php\/contactez-nous\/#breadcrumb\"},\"inLanguage\":\"fr-FR\",\"potentialAction\":[{\"@type\":\"ReadAction\",\"target\":[\"https:\/\/www.cenmedia.fr\/index.php\/contactez-nous\/\"]}]},{\"@type\":\"ImageObject\",\"inLanguage\":\"fr-FR\",\"@id\":\"https:\/\/www.cenmedia.fr\/index.php\/contactez-nous\/#primaryimage\",\"url\":\"https:\/\/www.cenmedia.fr\/wp-content\/uploads\/2025\/01\/banner-contact.png\",\"contentUrl\":\"https:\/\/www.cenmedia.fr\/wp-content\/uploads\/2025\/01\/banner-contact.png\",\"width\":946,\"height\":525},{\"@type\":\"BreadcrumbList\",\"@id\":\"https:\/\/www.cenmedia.fr\/index.php\/contactez-nous\/#breadcrumb\",\"itemListElement\":[{\"@type\":\"ListItem\",\"position\":1,\"name\":\"Accueil\",\"item\":\"https:\/\/www.cenmedia.fr\/\"},{\"@type\":\"ListItem\",\"position\":2,\"name\":\"Contactez-nous\"}]},{\"@type\":\"WebSite\",\"@id\":\"https:\/\/www.cenmedia.fr\/#website\",\"url\":\"https:\/\/www.cenmedia.fr\/\",\"name\":\"cenmedia\",\"description\":\"cenmedia - La plateforme d&#039;\u00e9dition pl\u00e9biscit\u00e9e par sues utilisateurs\",\"publisher\":{\"@id\":\"https:\/\/www.cenmedia.fr\/#organization\"},\"potentialAction\":[{\"@type\":\"SearchAction\",\"target\":{\"@type\":\"EntryPoint\",\"urlTemplate\":\"https:\/\/www.cenmedia.fr\/?s={search_term_string}\"},\"query-input\":{\"@type\":\"PropertyValueSpecification\",\"valueRequired\":true,\"valueName\":\"search_term_string\"}}],\"inLanguage\":\"fr-FR\"},{\"@type\":\"Organization\",\"@id\":\"https:\/\/www.cenmedia.fr\/#organization\",\"name\":\"cenmedia\",\"url\":\"https:\/\/www.cenmedia.fr\/\",\"logo\":{\"@type\":\"ImageObject\",\"inLanguage\":\"fr-FR\",\"@id\":\"https:\/\/www.cenmedia.fr\/#\/schema\/logo\/image\/\",\"url\":\"https:\/\/www.cenmedia.fr\/wp-content\/uploads\/2025\/03\/Logo-cenmedia-RVB-v2.png\",\"contentUrl\":\"https:\/\/www.cenmedia.fr\/wp-content\/uploads\/2025\/03\/Logo-cenmedia-RVB-v2.png\",\"width\":600,\"height\":164,\"caption\":\"cenmedia\"},\"image\":{\"@id\":\"https:\/\/www.cenmedia.fr\/#\/schema\/logo\/image\/\"}}]}<\/script>\n<!-- \/ Yoast SEO plugin. -->","yoast_head_json":{"title":"Contact - cenmedia","robots":{"index":"index","follow":"follow","max-snippet":"max-snippet:-1","max-image-preview":"max-image-preview:large","max-video-preview":"max-video-preview:-1"},"canonical":"https:\/\/www.cenmedia.fr\/index.php\/contactez-nous\/","og_locale":"fr_FR","og_type":"article","og_title":"Contact - cenmedia","og_description":"Contactez-nous Contact technique Olivier Lasserre Tel. : +33 6 21 56 05 97 Mail : olivier.lasserre@cenmedia.fr Contact commercial Laurent Cl\u00e9mentini Tel. : +33 6 10 201 281 Mail : laurent.clementini@cenmedia.fr Une&nbsp;r\u00e9flexion&nbsp;\u00e0&nbsp;partager&nbsp;? Un&nbsp;projet&nbsp;\u00e0&nbsp;venir&nbsp;? De&nbsp;la&nbsp;veille&nbsp;techno&nbsp;? *Champs obligatoires \u00a0 Les informations recueillies sur ce formulaire sont enregistr\u00e9es dans un fichier informatis\u00e9 et g\u00e9r\u00e9 par cenmedia pour la gestion [&hellip;]","og_url":"https:\/\/www.cenmedia.fr\/index.php\/contactez-nous\/","og_site_name":"cenmedia","article_modified_time":"2025-03-26T20:02:19+00:00","og_image":[{"width":946,"height":525,"url":"https:\/\/www.cenmedia.fr\/wp-content\/uploads\/2025\/01\/banner-contact.png","type":"image\/png"}],"twitter_card":"summary_large_image","twitter_misc":{"Dur\u00e9e de lecture estim\u00e9e":"2 minutes"},"schema":{"@context":"https:\/\/schema.org","@graph":[{"@type":"WebPage","@id":"https:\/\/www.cenmedia.fr\/index.php\/contactez-nous\/","url":"https:\/\/www.cenmedia.fr\/index.php\/contactez-nous\/","name":"Contact - cenmedia","isPartOf":{"@id":"https:\/\/www.cenmedia.fr\/#website"},"primaryImageOfPage":{"@id":"https:\/\/www.cenmedia.fr\/index.php\/contactez-nous\/#primaryimage"},"image":{"@id":"https:\/\/www.cenmedia.fr\/index.php\/contactez-nous\/#primaryimage"},"thumbnailUrl":"https:\/\/www.cenmedia.fr\/wp-content\/uploads\/2025\/01\/banner-contact-768x426.png","datePublished":"2025-01-28T16:40:56+00:00","dateModified":"2025-03-26T20:02:19+00:00","breadcrumb":{"@id":"https:\/\/www.cenmedia.fr\/index.php\/contactez-nous\/#breadcrumb"},"inLanguage":"fr-FR","potentialAction":[{"@type":"ReadAction","target":["https:\/\/www.cenmedia.fr\/index.php\/contactez-nous\/"]}]},{"@type":"ImageObject","inLanguage":"fr-FR","@id":"https:\/\/www.cenmedia.fr\/index.php\/contactez-nous\/#primaryimage","url":"https:\/\/www.cenmedia.fr\/wp-content\/uploads\/2025\/01\/banner-contact.png","contentUrl":"https:\/\/www.cenmedia.fr\/wp-content\/uploads\/2025\/01\/banner-contact.png","width":946,"height":525},{"@type":"BreadcrumbList","@id":"https:\/\/www.cenmedia.fr\/index.php\/contactez-nous\/#breadcrumb","itemListElement":[{"@type":"ListItem","position":1,"name":"Accueil","item":"https:\/\/www.cenmedia.fr\/"},{"@type":"ListItem","position":2,"name":"Contactez-nous"}]},{"@type":"WebSite","@id":"https:\/\/www.cenmedia.fr\/#website","url":"https:\/\/www.cenmedia.fr\/","name":"cenmedia","description":"cenmedia - La plateforme d&#039;\u00e9dition pl\u00e9biscit\u00e9e par sues utilisateurs","publisher":{"@id":"https:\/\/www.cenmedia.fr\/#organization"},"potentialAction":[{"@type":"SearchAction","target":{"@type":"EntryPoint","urlTemplate":"https:\/\/www.cenmedia.fr\/?s={search_term_string}"},"query-input":{"@type":"PropertyValueSpecification","valueRequired":true,"valueName":"search_term_string"}}],"inLanguage":"fr-FR"},{"@type":"Organization","@id":"https:\/\/www.cenmedia.fr\/#organization","name":"cenmedia","url":"https:\/\/www.cenmedia.fr\/","logo":{"@type":"ImageObject","inLanguage":"fr-FR","@id":"https:\/\/www.cenmedia.fr\/#\/schema\/logo\/image\/","url":"https:\/\/www.cenmedia.fr\/wp-content\/uploads\/2025\/03\/Logo-cenmedia-RVB-v2.png","contentUrl":"https:\/\/www.cenmedia.fr\/wp-content\/uploads\/2025\/03\/Logo-cenmedia-RVB-v2.png","width":600,"height":164,"caption":"cenmedia"},"image":{"@id":"https:\/\/www.cenmedia.fr\/#\/schema\/logo\/image\/"}}]}},"_links":{"self":[{"href":"https:\/\/www.cenmedia.fr\/index.php\/wp-json\/wp\/v2\/pages\/2292","targetHints":{"allow":["GET"]}}],"collection":[{"href":"https:\/\/www.cenmedia.fr\/index.php\/wp-json\/wp\/v2\/pages"}],"about":[{"href":"https:\/\/www.cenmedia.fr\/index.php\/wp-json\/wp\/v2\/types\/page"}],"author":[{"embeddable":true,"href":"https:\/\/www.cenmedia.fr\/index.php\/wp-json\/wp\/v2\/users\/2"}],"replies":[{"embeddable":true,"href":"https:\/\/www.cenmedia.fr\/index.php\/wp-json\/wp\/v2\/comments?post=2292"}],"version-history":[{"count":119,"href":"https:\/\/www.cenmedia.fr\/index.php\/wp-json\/wp\/v2\/pages\/2292\/revisions"}],"predecessor-version":[{"id":3530,"href":"https:\/\/www.cenmedia.fr\/index.php\/wp-json\/wp\/v2\/pages\/2292\/revisions\/3530"}],"wp:attachment":[{"href":"https:\/\/www.cenmedia.fr\/index.php\/wp-json\/wp\/v2\/media?parent=2292"}],"curies":[{"name":"wp","href":"https:\/\/api.w.org\/{rel}","templated":true}]}}