{"id":1474,"date":"2025-01-25T23:30:00","date_gmt":"2025-01-25T23:30:00","guid":{"rendered":"https:\/\/www.cenmedia.fr\/?page_id=1474"},"modified":"2025-03-04T17:55:02","modified_gmt":"2025-03-04T17:55:02","slug":"expertises","status":"publish","type":"page","link":"https:\/\/www.cenmedia.fr\/index.php\/expertises\/","title":{"rendered":"Expertises"},"content":{"rendered":"\t\t<div data-elementor-type=\"wp-page\" data-elementor-id=\"1474\" class=\"elementor elementor-1474\" data-elementor-post-type=\"page\">\n\t\t\t\t<div class=\"elementor-element elementor-element-dfc7179 e-flex e-con-boxed e-con e-parent\" data-id=\"dfc7179\" data-element_type=\"container\">\n\t\t\t\t\t<div class=\"e-con-inner\">\n\t\t<div class=\"elementor-element elementor-element-83feabe e-con-full e-flex e-con e-child\" data-id=\"83feabe\" data-element_type=\"container\" data-settings=\"{&quot;background_background&quot;:&quot;classic&quot;}\">\n\t\t<div class=\"elementor-element elementor-element-a8053fb e-con-full e-flex e-con e-child\" data-id=\"a8053fb\" data-element_type=\"container\">\n\t\t<div class=\"elementor-element elementor-element-0c174e4 e-con-full animated-fast e-flex elementor-invisible e-con e-child\" data-id=\"0c174e4\" data-element_type=\"container\" data-settings=\"{&quot;background_background&quot;:&quot;classic&quot;,&quot;animation&quot;:&quot;fadeInUp&quot;}\">\n\t\t\t\t<\/div>\n\t\t\t\t<div class=\"elementor-element elementor-element-dc28acf elementor-invisible elementor-widget elementor-widget-heading\" data-id=\"dc28acf\" data-element_type=\"widget\" data-settings=\"{&quot;_animation&quot;:&quot;fadeInUp&quot;}\" data-widget_type=\"heading.default\">\n\t\t\t\t<div class=\"elementor-widget-container\">\n\t\t\t\t\t<h1 class=\"elementor-heading-title elementor-size-default\">Expertises<\/h1>\t\t\t\t<\/div>\n\t\t\t\t<\/div>\n\t\t\t\t<\/div>\n\t\t\t\t<\/div>\n\t\t\t\t<div class=\"elementor-element elementor-element-9bacfbd elementor-align-left elementor-widget elementor-widget-breadcrumbs\" data-id=\"9bacfbd\" data-element_type=\"widget\" data-widget_type=\"breadcrumbs.default\">\n\t\t\t\t<div class=\"elementor-widget-container\">\n\t\t\t\t\t<p id=\"breadcrumbs\"><span><span><a href=\"https:\/\/www.cenmedia.fr\/\">Accueil<\/a><\/span><\/span><\/p>\t\t\t\t<\/div>\n\t\t\t\t<\/div>\n\t\t<div class=\"elementor-element elementor-element-6203515 e-con-full e-flex e-con e-child\" data-id=\"6203515\" data-element_type=\"container\">\n\t\t<div class=\"elementor-element elementor-element-0df7140 e-con-full e-flex e-con e-child\" data-id=\"0df7140\" data-element_type=\"container\">\n\t\t<div class=\"elementor-element elementor-element-a0db003 e-con-full animated-fast e-flex elementor-invisible e-con e-child\" data-id=\"a0db003\" data-element_type=\"container\" data-settings=\"{&quot;background_background&quot;:&quot;classic&quot;,&quot;animation&quot;:&quot;fadeInUp&quot;}\">\n\t\t\t\t<div class=\"elementor-element elementor-element-240fa34 elementor-view-default elementor-widget elementor-widget-icon\" data-id=\"240fa34\" data-element_type=\"widget\" data-widget_type=\"icon.default\">\n\t\t\t\t<div class=\"elementor-widget-container\">\n\t\t\t\t\t\t\t<div class=\"elementor-icon-wrapper\">\n\t\t\t<div class=\"elementor-icon\">\n\t\t\t<i aria-hidden=\"true\" class=\"fad fa-comment-check\"><\/i>\t\t\t<\/div>\n\t\t<\/div>\n\t\t\t\t\t\t<\/div>\n\t\t\t\t<\/div>\n\t\t\t\t<div class=\"elementor-element elementor-element-df20df3 elementor-widget-mobile__width-inherit elementor-invisible elementor-widget elementor-widget-heading\" data-id=\"df20df3\" data-element_type=\"widget\" data-settings=\"{&quot;_animation&quot;:&quot;fadeInUp&quot;}\" data-widget_type=\"heading.default\">\n\t\t\t\t<div class=\"elementor-widget-container\">\n\t\t\t\t\t<h3 class=\"elementor-heading-title elementor-size-default\">Conseil<\/h3>\t\t\t\t<\/div>\n\t\t\t\t<\/div>\n\t\t<div class=\"elementor-element elementor-element-16fb0a6 e-con-full expertise-wrapper e-flex e-con e-child\" data-id=\"16fb0a6\" data-element_type=\"container\" data-settings=\"{&quot;background_background&quot;:&quot;classic&quot;}\">\n\t\t\t\t<div class=\"elementor-element elementor-element-f331cb4 elementor-widget__width-inherit elementor-invisible elementor-widget elementor-widget-text-editor\" data-id=\"f331cb4\" data-element_type=\"widget\" data-settings=\"{&quot;_animation&quot;:&quot;fadeInUp&quot;}\" data-widget_type=\"text-editor.default\">\n\t\t\t\t<div class=\"elementor-widget-container\">\n\t\t\t\t\t\t\t\t\t<p>En amont de vos projets, nous vous offrons un accompagnement strat\u00e9gique bas\u00e9 sur notre solide exp\u00e9rience aupr\u00e8s de maisons d&rsquo;\u00e9dition, de marques et d&rsquo;enseignes.\u00a0<\/p><p>\u00a0<\/p><p>Notre expertise couvre la gestion de contenus sur des p\u00e9rim\u00e8tres tels que le PIM, le DAM et le CMS.\u00a0 Gr\u00e2ce \u00e0 une approche pluridisciplinaire, nous pouvons vous conseiller sur les aspects fonctionnels, techniques (IT) et organisationnels, y compris la gestion du changement et des ressources humaines.<\/p>\t\t\t\t\t\t\t\t<\/div>\n\t\t\t\t<\/div>\n\t\t\t\t<\/div>\n\t\t\t\t<\/div>\n\t\t<div class=\"elementor-element elementor-element-19cfaf5 e-con-full animated-fast e-flex elementor-invisible e-con e-child\" data-id=\"19cfaf5\" data-element_type=\"container\" data-settings=\"{&quot;background_background&quot;:&quot;classic&quot;,&quot;animation&quot;:&quot;fadeInUp&quot;}\">\n\t\t\t\t<div class=\"elementor-element elementor-element-325f5dc elementor-view-default elementor-widget elementor-widget-icon\" data-id=\"325f5dc\" data-element_type=\"widget\" data-widget_type=\"icon.default\">\n\t\t\t\t<div class=\"elementor-widget-container\">\n\t\t\t\t\t\t\t<div class=\"elementor-icon-wrapper\">\n\t\t\t<div class=\"elementor-icon\">\n\t\t\t<i aria-hidden=\"true\" class=\"fad fa-project-diagram\"><\/i>\t\t\t<\/div>\n\t\t<\/div>\n\t\t\t\t\t\t<\/div>\n\t\t\t\t<\/div>\n\t\t\t\t<div class=\"elementor-element elementor-element-f0a0c3b elementor-widget-mobile__width-inherit elementor-invisible elementor-widget elementor-widget-heading\" data-id=\"f0a0c3b\" data-element_type=\"widget\" data-settings=\"{&quot;_animation&quot;:&quot;fadeInUp&quot;}\" data-widget_type=\"heading.default\">\n\t\t\t\t<div class=\"elementor-widget-container\">\n\t\t\t\t\t<h3 class=\"elementor-heading-title elementor-size-default\">Projet<\/h3>\t\t\t\t<\/div>\n\t\t\t\t<\/div>\n\t\t<div class=\"elementor-element elementor-element-9d6eaac e-grid e-con-full expertise-grid e-con e-child\" data-id=\"9d6eaac\" data-element_type=\"container\">\n\t\t<div class=\"elementor-element elementor-element-ada9aed e-con-full expertise-wrapper e-flex e-con e-child\" data-id=\"ada9aed\" data-element_type=\"container\" data-settings=\"{&quot;background_background&quot;:&quot;classic&quot;}\">\n\t\t\t\t<div class=\"elementor-element elementor-element-362ab2d elementor-widget__width-inherit elementor-invisible elementor-widget elementor-widget-text-editor\" data-id=\"362ab2d\" data-element_type=\"widget\" data-settings=\"{&quot;_animation&quot;:&quot;fadeInUp&quot;}\" data-widget_type=\"text-editor.default\">\n\t\t\t\t<div class=\"elementor-widget-container\">\n\t\t\t\t\t\t\t\t\t<p>Nous vous accompagnons dans l\u2019impl\u00e9mentation de votre plateforme censhare, en vous assistant \u00e0 chaque \u00e9tape de son d\u00e9ploiement.\u00a0<br \/><br \/>Selon les sp\u00e9cificit\u00e9s et l&rsquo;urgence de votre projet, nous mettons en place une \u00e9quipe sur mesure, compos\u00e9e de 2 \u00e0 30 sp\u00e9cialistes, dirig\u00e9e par des chefs de projet m\u00e9tiers et techniques.<\/p>\t\t\t\t\t\t\t\t<\/div>\n\t\t\t\t<\/div>\n\t\t\t\t<\/div>\n\t\t<div class=\"elementor-element elementor-element-5ac6285 e-con-full expertise-wrapper e-flex e-con e-child\" data-id=\"5ac6285\" data-element_type=\"container\" data-settings=\"{&quot;background_background&quot;:&quot;classic&quot;}\">\n\t\t\t\t<div class=\"elementor-element elementor-element-5886741 elementor-widget__width-inherit elementor-invisible elementor-widget elementor-widget-text-editor\" data-id=\"5886741\" data-element_type=\"widget\" data-settings=\"{&quot;_animation&quot;:&quot;fadeInUp&quot;}\" data-widget_type=\"text-editor.default\">\n\t\t\t\t<div class=\"elementor-widget-container\">\n\t\t\t\t\t\t\t\t\t<p>Notre expertise inclut :\u2028<\/p><p>\u00a0<\/p><ul><li>Gestion de projet \/ coordination<\/li><li>Configuration \/ param\u00e9trage<\/li><li>Int\u00e9gration \u00e0 vos syst\u00e8mes en place<\/li><li>D\u00e9veloppement de solutions et d\u2019interfaces sp\u00e9cifiques<\/li><\/ul><p><br \/>Nous utilisons des m\u00e9thodologies \u00e9prouv\u00e9es telles que Agile, Scrum et SaFe pour garantir le succ\u00e8s de votre projet.<\/p>\t\t\t\t\t\t\t\t<\/div>\n\t\t\t\t<\/div>\n\t\t\t\t<\/div>\n\t\t\t\t<\/div>\n\t\t\t\t<\/div>\n\t\t\t\t<\/div>\n\t\t<div class=\"elementor-element elementor-element-ebf5d9b e-con-full e-flex e-con e-child\" data-id=\"ebf5d9b\" data-element_type=\"container\">\n\t\t<div class=\"elementor-element elementor-element-b7eb2e8 e-con-full animated-fast e-flex elementor-invisible e-con e-child\" data-id=\"b7eb2e8\" data-element_type=\"container\" data-settings=\"{&quot;background_background&quot;:&quot;classic&quot;,&quot;animation&quot;:&quot;fadeInUp&quot;}\">\n\t\t\t\t<div class=\"elementor-element elementor-element-06900ed elementor-view-default elementor-widget elementor-widget-icon\" data-id=\"06900ed\" data-element_type=\"widget\" data-widget_type=\"icon.default\">\n\t\t\t\t<div class=\"elementor-widget-container\">\n\t\t\t\t\t\t\t<div class=\"elementor-icon-wrapper\">\n\t\t\t<div class=\"elementor-icon\">\n\t\t\t<i aria-hidden=\"true\" class=\"fad fa-headset\"><\/i>\t\t\t<\/div>\n\t\t<\/div>\n\t\t\t\t\t\t<\/div>\n\t\t\t\t<\/div>\n\t\t\t\t<div class=\"elementor-element elementor-element-d2841ec elementor-widget-mobile__width-inherit elementor-invisible elementor-widget elementor-widget-heading\" data-id=\"d2841ec\" data-element_type=\"widget\" data-settings=\"{&quot;_animation&quot;:&quot;fadeInUp&quot;}\" data-widget_type=\"heading.default\">\n\t\t\t\t<div class=\"elementor-widget-container\">\n\t\t\t\t\t<h3 class=\"elementor-heading-title elementor-size-default\">Assistance support SLA<\/h3>\t\t\t\t<\/div>\n\t\t\t\t<\/div>\n\t\t<div class=\"elementor-element elementor-element-8a0b68b e-con-full expertise-wrapper e-flex e-con e-child\" data-id=\"8a0b68b\" data-element_type=\"container\" data-settings=\"{&quot;background_background&quot;:&quot;classic&quot;}\">\n\t\t\t\t<div class=\"elementor-element elementor-element-5998440 elementor-widget__width-inherit elementor-invisible elementor-widget elementor-widget-text-editor\" data-id=\"5998440\" data-element_type=\"widget\" data-settings=\"{&quot;_animation&quot;:&quot;fadeInUp&quot;}\" data-widget_type=\"text-editor.default\">\n\t\t\t\t<div class=\"elementor-widget-container\">\n\t\t\t\t\t\t\t\t\t<p>Nous proposons un support de niveau 2 en fran\u00e7ais et en anglais, avec trois niveaux de SLA pour r\u00e9pondre \u00e0 vos besoins :<\/p><p>\u00a0<\/p><ul><li>Silver : jours ouvr\u00e9s de 9h00 \u00e0 18h00 \/ temps de r\u00e9ponse : 120 minutes<\/li><li>Gold : jours ouvr\u00e9s de 8h00 \u00e0 21h00 \/ temps de r\u00e9ponse : 90 minutes<\/li><li>Platinum : 24\/7 \/ temps de r\u00e9ponse : 60 minutes<br \/><br \/>Nos services de support incluent l&rsquo;analyse approfondie des incidents, la reproduction des probl\u00e8mes pour identifier les erreurs logicielles, et des audits de performance. Nous veillons \u00e0 ce que les demandes d&rsquo;assistance soient trait\u00e9es avec soin avant d&rsquo;\u00eatre escalad\u00e9es au niveau 3 si n\u00e9cessaire.<\/li><\/ul>\t\t\t\t\t\t\t\t<\/div>\n\t\t\t\t<\/div>\n\t\t\t\t<\/div>\n\t\t\t\t<\/div>\n\t\t<div class=\"elementor-element elementor-element-6f18488 e-con-full animated-fast e-flex elementor-invisible e-con e-child\" data-id=\"6f18488\" data-element_type=\"container\" data-settings=\"{&quot;background_background&quot;:&quot;classic&quot;,&quot;animation&quot;:&quot;fadeInUp&quot;}\">\n\t\t\t\t<div class=\"elementor-element elementor-element-a18e1ca elementor-view-default elementor-widget elementor-widget-icon\" data-id=\"a18e1ca\" data-element_type=\"widget\" data-widget_type=\"icon.default\">\n\t\t\t\t<div class=\"elementor-widget-container\">\n\t\t\t\t\t\t\t<div class=\"elementor-icon-wrapper\">\n\t\t\t<div class=\"elementor-icon\">\n\t\t\t<i aria-hidden=\"true\" class=\"fad fa-head-side-virus\"><\/i>\t\t\t<\/div>\n\t\t<\/div>\n\t\t\t\t\t\t<\/div>\n\t\t\t\t<\/div>\n\t\t\t\t<div class=\"elementor-element elementor-element-d36b983 elementor-widget-mobile__width-inherit elementor-invisible elementor-widget elementor-widget-heading\" data-id=\"d36b983\" data-element_type=\"widget\" data-settings=\"{&quot;_animation&quot;:&quot;fadeInUp&quot;}\" data-widget_type=\"heading.default\">\n\t\t\t\t<div class=\"elementor-widget-container\">\n\t\t\t\t\t<h3 class=\"elementor-heading-title elementor-size-default\">Formation<\/h3>\t\t\t\t<\/div>\n\t\t\t\t<\/div>\n\t\t<div class=\"elementor-element elementor-element-2b1710b e-con-full expertise-wrapper e-flex e-con e-child\" data-id=\"2b1710b\" data-element_type=\"container\" data-settings=\"{&quot;background_background&quot;:&quot;classic&quot;}\">\n\t\t\t\t<div class=\"elementor-element elementor-element-3498bf9 elementor-widget__width-inherit elementor-invisible elementor-widget elementor-widget-text-editor\" data-id=\"3498bf9\" data-element_type=\"widget\" data-settings=\"{&quot;_animation&quot;:&quot;fadeInUp&quot;}\" data-widget_type=\"text-editor.default\">\n\t\t\t\t<div class=\"elementor-widget-container\">\n\t\t\t\t\t\t\t\t\t<p>\u00c0 la fin du projet, nous proposons des formations sur-mesure pour vos \u00e9quipes, avec des modules de 2 heures pour des groupes de 6 utilisateurs maximum.<\/p><p>\u00a0<\/p><p>Ces formations sont adapt\u00e9es aux fonctionnalit\u00e9s censhare et aux cas d\u2019usage rencontr\u00e9s pendant l&rsquo;impl\u00e9mentation.<\/p><p>\u00a0<\/p><p>Nous adressons les besoins sp\u00e9cifiques de chaque groupe de profils (administrateurs, \u00e9diteurs, r\u00e9dacteurs, SR, iconographes, directeurs artistiques, etc.) pour garantir une ma\u00eetrise compl\u00e8te de l&rsquo;outil, aussi bien sur le plan technique que fonctionnel.<\/p>\t\t\t\t\t\t\t\t<\/div>\n\t\t\t\t<\/div>\n\t\t\t\t<\/div>\n\t\t\t\t<\/div>\n\t\t<div class=\"elementor-element elementor-element-78b4678 e-con-full animated-fast e-flex elementor-invisible e-con e-child\" data-id=\"78b4678\" data-element_type=\"container\" data-settings=\"{&quot;background_background&quot;:&quot;classic&quot;,&quot;animation&quot;:&quot;fadeInUp&quot;}\">\n\t\t\t\t<div class=\"elementor-element elementor-element-0666ae5 elementor-view-default elementor-widget elementor-widget-icon\" data-id=\"0666ae5\" data-element_type=\"widget\" data-widget_type=\"icon.default\">\n\t\t\t\t<div class=\"elementor-widget-container\">\n\t\t\t\t\t\t\t<div class=\"elementor-icon-wrapper\">\n\t\t\t<div class=\"elementor-icon\">\n\t\t\t<i aria-hidden=\"true\" class=\"fad fa-code\"><\/i>\t\t\t<\/div>\n\t\t<\/div>\n\t\t\t\t\t\t<\/div>\n\t\t\t\t<\/div>\n\t\t\t\t<div class=\"elementor-element elementor-element-b10ee39 elementor-widget-mobile__width-inherit elementor-invisible elementor-widget elementor-widget-heading\" data-id=\"b10ee39\" data-element_type=\"widget\" data-settings=\"{&quot;_animation&quot;:&quot;fadeInUp&quot;}\" data-widget_type=\"heading.default\">\n\t\t\t\t<div class=\"elementor-widget-container\">\n\t\t\t\t\t<h3 class=\"elementor-heading-title elementor-size-default\">D\u00e9veloppement logiciel<\/h3>\t\t\t\t<\/div>\n\t\t\t\t<\/div>\n\t\t<div class=\"elementor-element elementor-element-bf9fb41 e-con-full expertise-wrapper e-flex e-con e-child\" data-id=\"bf9fb41\" data-element_type=\"container\" data-settings=\"{&quot;background_background&quot;:&quot;classic&quot;}\">\n\t\t\t\t<div class=\"elementor-element elementor-element-aca8eb4 elementor-widget__width-inherit elementor-invisible elementor-widget elementor-widget-text-editor\" data-id=\"aca8eb4\" data-element_type=\"widget\" data-settings=\"{&quot;_animation&quot;:&quot;fadeInUp&quot;}\" data-widget_type=\"text-editor.default\">\n\t\t\t\t<div class=\"elementor-widget-container\">\n\t\t\t\t\t\t\t\t\t<p>Les fonctionnalit\u00e9s natives de censhare ne r\u00e9pondent pas toujours \u00e0 toutes les exigences. C&rsquo;est pourquoi nous d\u00e9veloppons des fonctionnalit\u00e9s sp\u00e9cifiques adapt\u00e9es \u00e0 vos besoins.<br \/><br \/>Ces solutions personnalis\u00e9es, enti\u00e8rement compatibles avec les futures mises \u00e0 jour, sont int\u00e9gr\u00e9es sous forme de widgets dans votre plateforme censhare, vous offrant une flexibilit\u00e9 et une efficacit\u00e9 accrues.<\/p>\t\t\t\t\t\t\t\t<\/div>\n\t\t\t\t<\/div>\n\t\t\t\t<\/div>\n\t\t\t\t<\/div>\n\t\t\t\t<\/div>\n\t\t\t\t<\/div>\n\t\t\t\t\t<\/div>\n\t\t\t\t<\/div>\n\t\t\t\t<\/div>\n\t\t","protected":false},"excerpt":{"rendered":"<p>Expertises Conseil En amont de vos projets, nous vous offrons un accompagnement strat\u00e9gique bas\u00e9 sur notre solide exp\u00e9rience aupr\u00e8s de maisons d&rsquo;\u00e9dition, de marques et d&rsquo;enseignes.\u00a0 \u00a0 Notre expertise couvre la gestion de contenus sur des p\u00e9rim\u00e8tres tels que le PIM, le DAM et le CMS.\u00a0 Gr\u00e2ce \u00e0 une approche pluridisciplinaire, nous pouvons vous conseiller [&hellip;]<\/p>\n","protected":false},"author":2,"featured_media":0,"parent":0,"menu_order":0,"comment_status":"closed","ping_status":"closed","template":"","meta":{"footnotes":""},"class_list":["post-1474","page","type-page","status-publish","hentry"],"yoast_head":"<!-- This site is optimized with the Yoast SEO plugin v24.8 - https:\/\/yoast.com\/wordpress\/plugins\/seo\/ -->\n<title>Expertises - cenmedia<\/title>\n<meta name=\"robots\" content=\"index, follow, max-snippet:-1, max-image-preview:large, max-video-preview:-1\" \/>\n<link rel=\"canonical\" href=\"https:\/\/www.cenmedia.fr\/index.php\/expertises\/\" \/>\n<meta property=\"og:locale\" content=\"fr_FR\" \/>\n<meta property=\"og:type\" content=\"article\" \/>\n<meta property=\"og:title\" content=\"Expertises - cenmedia\" \/>\n<meta property=\"og:description\" content=\"Expertises Conseil En amont de vos projets, nous vous offrons un accompagnement strat\u00e9gique bas\u00e9 sur notre solide exp\u00e9rience aupr\u00e8s de maisons d&rsquo;\u00e9dition, de marques et d&rsquo;enseignes.\u00a0 \u00a0 Notre expertise couvre la gestion de contenus sur des p\u00e9rim\u00e8tres tels que le PIM, le DAM et le CMS.\u00a0 Gr\u00e2ce \u00e0 une approche pluridisciplinaire, nous pouvons vous conseiller [&hellip;]\" \/>\n<meta property=\"og:url\" content=\"https:\/\/www.cenmedia.fr\/index.php\/expertises\/\" \/>\n<meta property=\"og:site_name\" content=\"cenmedia\" \/>\n<meta property=\"article:modified_time\" content=\"2025-03-04T17:55:02+00:00\" \/>\n<meta name=\"twitter:card\" content=\"summary_large_image\" \/>\n<meta name=\"twitter:label1\" content=\"Dur\u00e9e de lecture estim\u00e9e\" \/>\n\t<meta name=\"twitter:data1\" content=\"3 minutes\" \/>\n<script type=\"application\/ld+json\" class=\"yoast-schema-graph\">{\"@context\":\"https:\/\/schema.org\",\"@graph\":[{\"@type\":\"WebPage\",\"@id\":\"https:\/\/www.cenmedia.fr\/index.php\/expertises\/\",\"url\":\"https:\/\/www.cenmedia.fr\/index.php\/expertises\/\",\"name\":\"Expertises - cenmedia\",\"isPartOf\":{\"@id\":\"https:\/\/www.cenmedia.fr\/#website\"},\"datePublished\":\"2025-01-25T23:30:00+00:00\",\"dateModified\":\"2025-03-04T17:55:02+00:00\",\"breadcrumb\":{\"@id\":\"https:\/\/www.cenmedia.fr\/index.php\/expertises\/#breadcrumb\"},\"inLanguage\":\"fr-FR\",\"potentialAction\":[{\"@type\":\"ReadAction\",\"target\":[\"https:\/\/www.cenmedia.fr\/index.php\/expertises\/\"]}]},{\"@type\":\"BreadcrumbList\",\"@id\":\"https:\/\/www.cenmedia.fr\/index.php\/expertises\/#breadcrumb\",\"itemListElement\":[{\"@type\":\"ListItem\",\"position\":1,\"name\":\"Accueil\",\"item\":\"https:\/\/www.cenmedia.fr\/\"},{\"@type\":\"ListItem\",\"position\":2,\"name\":\"Expertises\"}]},{\"@type\":\"WebSite\",\"@id\":\"https:\/\/www.cenmedia.fr\/#website\",\"url\":\"https:\/\/www.cenmedia.fr\/\",\"name\":\"cenmedia\",\"description\":\"cenmedia - La plateforme d&#039;\u00e9dition pl\u00e9biscit\u00e9e par sues utilisateurs\",\"publisher\":{\"@id\":\"https:\/\/www.cenmedia.fr\/#organization\"},\"potentialAction\":[{\"@type\":\"SearchAction\",\"target\":{\"@type\":\"EntryPoint\",\"urlTemplate\":\"https:\/\/www.cenmedia.fr\/?s={search_term_string}\"},\"query-input\":{\"@type\":\"PropertyValueSpecification\",\"valueRequired\":true,\"valueName\":\"search_term_string\"}}],\"inLanguage\":\"fr-FR\"},{\"@type\":\"Organization\",\"@id\":\"https:\/\/www.cenmedia.fr\/#organization\",\"name\":\"cenmedia\",\"url\":\"https:\/\/www.cenmedia.fr\/\",\"logo\":{\"@type\":\"ImageObject\",\"inLanguage\":\"fr-FR\",\"@id\":\"https:\/\/www.cenmedia.fr\/#\/schema\/logo\/image\/\",\"url\":\"https:\/\/www.cenmedia.fr\/wp-content\/uploads\/2025\/03\/Logo-cenmedia-RVB-v2.png\",\"contentUrl\":\"https:\/\/www.cenmedia.fr\/wp-content\/uploads\/2025\/03\/Logo-cenmedia-RVB-v2.png\",\"width\":600,\"height\":164,\"caption\":\"cenmedia\"},\"image\":{\"@id\":\"https:\/\/www.cenmedia.fr\/#\/schema\/logo\/image\/\"}}]}<\/script>\n<!-- \/ Yoast SEO plugin. -->","yoast_head_json":{"title":"Expertises - cenmedia","robots":{"index":"index","follow":"follow","max-snippet":"max-snippet:-1","max-image-preview":"max-image-preview:large","max-video-preview":"max-video-preview:-1"},"canonical":"https:\/\/www.cenmedia.fr\/index.php\/expertises\/","og_locale":"fr_FR","og_type":"article","og_title":"Expertises - cenmedia","og_description":"Expertises Conseil En amont de vos projets, nous vous offrons un accompagnement strat\u00e9gique bas\u00e9 sur notre solide exp\u00e9rience aupr\u00e8s de maisons d&rsquo;\u00e9dition, de marques et d&rsquo;enseignes.\u00a0 \u00a0 Notre expertise couvre la gestion de contenus sur des p\u00e9rim\u00e8tres tels que le PIM, le DAM et le CMS.\u00a0 Gr\u00e2ce \u00e0 une approche pluridisciplinaire, nous pouvons vous conseiller [&hellip;]","og_url":"https:\/\/www.cenmedia.fr\/index.php\/expertises\/","og_site_name":"cenmedia","article_modified_time":"2025-03-04T17:55:02+00:00","twitter_card":"summary_large_image","twitter_misc":{"Dur\u00e9e de lecture estim\u00e9e":"3 minutes"},"schema":{"@context":"https:\/\/schema.org","@graph":[{"@type":"WebPage","@id":"https:\/\/www.cenmedia.fr\/index.php\/expertises\/","url":"https:\/\/www.cenmedia.fr\/index.php\/expertises\/","name":"Expertises - cenmedia","isPartOf":{"@id":"https:\/\/www.cenmedia.fr\/#website"},"datePublished":"2025-01-25T23:30:00+00:00","dateModified":"2025-03-04T17:55:02+00:00","breadcrumb":{"@id":"https:\/\/www.cenmedia.fr\/index.php\/expertises\/#breadcrumb"},"inLanguage":"fr-FR","potentialAction":[{"@type":"ReadAction","target":["https:\/\/www.cenmedia.fr\/index.php\/expertises\/"]}]},{"@type":"BreadcrumbList","@id":"https:\/\/www.cenmedia.fr\/index.php\/expertises\/#breadcrumb","itemListElement":[{"@type":"ListItem","position":1,"name":"Accueil","item":"https:\/\/www.cenmedia.fr\/"},{"@type":"ListItem","position":2,"name":"Expertises"}]},{"@type":"WebSite","@id":"https:\/\/www.cenmedia.fr\/#website","url":"https:\/\/www.cenmedia.fr\/","name":"cenmedia","description":"cenmedia - La plateforme d&#039;\u00e9dition pl\u00e9biscit\u00e9e par sues utilisateurs","publisher":{"@id":"https:\/\/www.cenmedia.fr\/#organization"},"potentialAction":[{"@type":"SearchAction","target":{"@type":"EntryPoint","urlTemplate":"https:\/\/www.cenmedia.fr\/?s={search_term_string}"},"query-input":{"@type":"PropertyValueSpecification","valueRequired":true,"valueName":"search_term_string"}}],"inLanguage":"fr-FR"},{"@type":"Organization","@id":"https:\/\/www.cenmedia.fr\/#organization","name":"cenmedia","url":"https:\/\/www.cenmedia.fr\/","logo":{"@type":"ImageObject","inLanguage":"fr-FR","@id":"https:\/\/www.cenmedia.fr\/#\/schema\/logo\/image\/","url":"https:\/\/www.cenmedia.fr\/wp-content\/uploads\/2025\/03\/Logo-cenmedia-RVB-v2.png","contentUrl":"https:\/\/www.cenmedia.fr\/wp-content\/uploads\/2025\/03\/Logo-cenmedia-RVB-v2.png","width":600,"height":164,"caption":"cenmedia"},"image":{"@id":"https:\/\/www.cenmedia.fr\/#\/schema\/logo\/image\/"}}]}},"_links":{"self":[{"href":"https:\/\/www.cenmedia.fr\/index.php\/wp-json\/wp\/v2\/pages\/1474","targetHints":{"allow":["GET"]}}],"collection":[{"href":"https:\/\/www.cenmedia.fr\/index.php\/wp-json\/wp\/v2\/pages"}],"about":[{"href":"https:\/\/www.cenmedia.fr\/index.php\/wp-json\/wp\/v2\/types\/page"}],"author":[{"embeddable":true,"href":"https:\/\/www.cenmedia.fr\/index.php\/wp-json\/wp\/v2\/users\/2"}],"replies":[{"embeddable":true,"href":"https:\/\/www.cenmedia.fr\/index.php\/wp-json\/wp\/v2\/comments?post=1474"}],"version-history":[{"count":79,"href":"https:\/\/www.cenmedia.fr\/index.php\/wp-json\/wp\/v2\/pages\/1474\/revisions"}],"predecessor-version":[{"id":3281,"href":"https:\/\/www.cenmedia.fr\/index.php\/wp-json\/wp\/v2\/pages\/1474\/revisions\/3281"}],"wp:attachment":[{"href":"https:\/\/www.cenmedia.fr\/index.php\/wp-json\/wp\/v2\/media?parent=1474"}],"curies":[{"name":"wp","href":"https:\/\/api.w.org\/{rel}","templated":true}]}}